{"id":47,"date":"2022-06-17T12:48:44","date_gmt":"2022-06-17T12:48:44","guid":{"rendered":"https:\/\/freelance.fo\/?page_id=47"},"modified":"2026-04-12T17:54:56","modified_gmt":"2026-04-12T17:54:56","slug":"taenastur","status":"publish","type":"page","link":"https:\/\/freelance.fo\/?page_id=47","title":{"rendered":"T\u00e6nastur"},"content":{"rendered":"\n<h2 class=\"wp-block-heading\">Vit s\u00f8kja trupuleikar at loysa<\/h2>\n\n\n\n<p>Um t\u00fa stendur vi\u00f0 einum trupuleika ella tekniskari avbj\u00f3\u00f0ing so kanst t\u00fa kontakta okkum. J\u00fa st\u00f8rri avbj\u00f3\u00f0ingin er j\u00fa betri er m\u00f8guleikin fyri at ta\u00f0 loysir seg at br\u00faka t\u00ed\u00f0 upp\u00e1 uppg\u00e1vuna. <\/p>\n\n\n\n<h3 class=\"wp-block-heading\">Bilaleiga (001)<\/h3>\n\n\n\n<p>Leiga ein pers\u00f3nbil vi\u00f0 manuel gear ella aut. gear fyri ein g\u00f3\u00f0an pr\u00eds. Vit hava eisini VW Sharan vi\u00f0 pl\u00e1ss til 7 vaksin. Vetrarpr\u00edsir fr\u00e1 kr. 250 per dag vi\u00f0 m\u00e1na\u00f0arleigu og kr. 350 per dag um leiga ver\u00f0ur 1 viku ella meir. Ring 226840 fyri at f\u00e1a meiri at vita.<\/p>\n\n\n\n<figure class=\"wp-block-image size-full\"><img loading=\"lazy\" decoding=\"async\" width=\"300\" height=\"168\" src=\"https:\/\/freelance.fo\/wp-content\/uploads\/2024\/08\/bilur3.jpg\" alt=\"\" class=\"wp-image-271\"\/><\/figure>\n\n\n\n<h3 class=\"wp-block-heading\">R\u00e1\u00f0geving innan orkusparing (002)<\/h3>\n\n\n\n<p>Vit kenna elpr\u00edsirnir hj\u00e1 SEV fyri hetta \u00e1ri\u00f0 men hvussu s\u00e6r n\u00e6sta \u00e1r \u00fat? Fyrireika teg\/tykkum til ein h\u00e6gri pr\u00eds vi\u00f0 at kanna hvat kann gerst vi\u00f0 at spara orku. Hetta er fyrst og fremst \u00e6tla til fyrit\u00f8kur og virkir men privat eru eisini v\u00e6lkomin at f\u00e1a r\u00e1\u00f0geving.<\/p>\n\n\n\n<p><\/p>\n\n\n\n<h3 class=\"wp-block-heading\">Bussf\u00f8rari (003)<\/h3>\n\n\n\n<p>Bussf\u00f8rari kann koyra nakrar dagar inn \u00edmillum sum avloysari. Hevur fyrr koyrt sk\u00falab\u00f8rn\/turistar\/bygdalei\u00f0ir. M\u00f8guleiki er t\u00f3 fyri at gera hetta sum fult\u00ed\u00f0arstarv.<\/p>\n\n\n\n<p><\/p>\n\n\n\n<h3 class=\"wp-block-heading\">Maskinmeistari\/Teknikari\/ Elektro Technical Officer innan skipst\u00f8kni (004)<\/h3>\n\n\n\n<p>Teknikari sum hevur royndir innan skipst\u00f8kni millum anna\u00f0 DP2 skipan, Frekvensumformarar, St\u00fdringar av ymiskum slag, Umv\u00e6ling av skermum\/monitorum, KT-loysnir o.s.fr. Allir tekniskir trupuleikar vera loystir &#8211; eisini teir trupuleikar sum eingin annar kann finna \u00fatav \ud83d\ude42<\/p>\n\n\n\n<p><\/p>\n\n\n\n<h3 class=\"wp-block-heading\">R\u00e1\u00f0geving innan tekniskt vi\u00f0l\u00edkahald (005)<\/h3>\n\n\n\n<p>Ta\u00f0 sum er alt avger\u00f0andi fyri livit\u00ed\u00f0ina \u00e1 einum komponenti\/deili er vi\u00f0l\u00edkahaldi\u00f0 og umst\u00f8\u00f0urnar. N\u00f3gv kann gerst fyri at leingja um livit\u00ed\u00f0ina og ta\u00f0 loysir seg at tilr\u00e6ttaleggja hetta frammanundan og spara n\u00f3gvan pening.<\/p>\n\n\n\n<p><\/p>\n\n\n\n<h3 class=\"wp-block-heading\">El-installat\u00f8r\/Tekniskur lei\u00f0ari (006)<\/h3>\n\n\n\n<p>Ta\u00f0 er ein m\u00f8guleiki at f\u00e1a ein teknikara fulla t\u00ed\u00f0 ella part t\u00ed\u00f0 til ymiskar uppg\u00e1vur. Ring fyri meira info<\/p>\n\n\n\n<p><\/p>\n\n\n\n<h3 class=\"wp-block-heading\">Goymsluf\u00f3lk\/Logistik \u00f8konom\/Kont\u00f3rf\u00f3lk (007)<\/h3>\n\n\n\n<p>Goymsluf\u00f3lk vi\u00f0 \u00fatb\u00fagving sum Logistik \u00d8konom og royndir innan goymslust\u00fdring, kundat\u00e6nastu og avgrei\u00f0slu. Kann eisini gera anna\u00f0 kont\u00f3r ella salgsarbei\u00f0i. <\/p>\n\n\n\n<p><\/p>\n\n\n\n<h3 class=\"wp-block-heading\">\u00cdverksetari (008)<\/h3>\n\n\n\n<p>N\u00fdhugsan innan automatisering, framlei\u00f0slu, optimering, gr\u00f8na orku o.s.fr. Hevur t\u00fa eina process sum kanska ikki er effektiv ella t\u00ed\u00f0arh\u00f3kandi so kann ta\u00f0 vera gott at f\u00e1a ein at hyggja upp\u00e1 hvat kann gerast og meta um hvat hetta kemur at kosta.<br><\/p>\n\n\n\n<h3 class=\"wp-block-heading\">Umseting av tekstum: TranslateME (009)<\/h3>\n\n\n\n<p>Vit bj\u00f3\u00f0a okkum til at t\u00fd\u00f0a at kalla \u00f8ll sl\u00f8g av tekstum millum hesi m\u00e1l: FO, DA, EN. Harumframt hava vit samband vi\u00f0 f\u00f3lk, sum kunnu t\u00fd\u00f0a FO-NO, FO-SV og \u00f8vut. Vit hava veri\u00f0 til s\u00ed\u00f0ani \u00ed 2018 og hava t\u00fdtt alt fr\u00e1 t\u00ed\u00f0inaskrivum, l\u00e6knarapportir, sk\u00falab\u00f8kur og front- backend \u00e1 heimas\u00ed\u00f0um og appum.<br><\/p>\n\n\n\n<h3 class=\"wp-block-heading\">Ger og umsiting av heimas\u00ed\u00f0um (010) <\/h3>\n\n\n\n<p>Pers\u00f3nurin hevur n\u00f3gvar royndir innan ger og umsiting av heimas\u00ed\u00f0um og eisini til ein lagaligan pr\u00eds. Hertil kunnu tekstir eisini ver\u00f0a r\u00e6ttskriva\u00f0ir og umsettir eftir t\u00f8rvi.<br><\/p>\n\n\n\n<h3 class=\"wp-block-heading\">Lei\u00f0ari\/stj\u00f3ri (011)<\/h3>\n\n\n\n<p>Pers\u00f3nur vi\u00f0 n\u00f3gvum royndum innan lei\u00f0slu, undirv\u00edsing og \u00f8konomi kann taka s\u00e6r av deildini ella fyrit\u00f8kuni sum part\u00ed\u00f0arstarv ella fult\u00ed\u00f0arstarv.<\/p>\n\n\n\n<p><\/p>\n\n\n\n<h3 class=\"wp-block-heading\">R\u00e6ttskriving og umseting av tekstum (012)<\/h3>\n\n\n\n<p>Vi\u00f0komandi hevur n\u00f3gvar royndir innan r\u00e6ttskriving og umseting av tekstum til og fr\u00e1 FO, DK og Enskt.<\/p>\n\n\n\n<p><\/p>\n\n\n\n<h3 class=\"wp-block-heading\">S\u00f8la og markna\u00f0arf\u00f8ring (013)<\/h3>\n\n\n\n<p>Pers\u00f3nur vi\u00f0 royndum innan S\u00f8lu og Markna\u00f0arf\u00f8ring og kann eisini gera ymiskt fyrisitingarligt skrivstovuarbei\u00f0i.<\/p>\n\n\n\n<p><\/p>\n\n\n\n<h3 class=\"wp-block-heading\">Ymiskt arbei\u00f0i (014)<\/h3>\n\n\n\n<p>Pers\u00f3nur sum kann gera n\u00f3gv ymisk sl\u00f8g av arbei\u00f0i her \u00edmillum krana- og lastbilakoyring, arbei\u00f0i vi\u00f0 gravimaskinu, m\u00e1lara arbei\u00f0i og anna\u00f0 fyrifallandi.<\/p>\n\n\n\n<p><\/p>\n\n\n\n<h3 class=\"wp-block-heading\">KT og sterkstreymsverkfr\u00f8\u00f0ingur (015)<\/h3>\n\n\n\n<p>Pers\u00f3nur sum hevur fleiri \u00e1ra royndir sum software arkitektur og PLC\/software mennari innan alivinnuna v.m. er t\u00f8kur beinanvegin.<\/p>\n\n\n\n<p><\/p>\n\n\n\n<p> <br><br><br><br><br><\/p>\n\n\n\n<p><\/p>\n\n\n\n<p><\/p>\n\n\n\n<p><\/p>\n\n\n\n<p><\/p>\n\n\n\n<p><\/p>\n\n\n\n<p><\/p>\n\n\n\n<p><\/p>\n\n\n\n<p><\/p>\n\n\n\n<p><\/p>\n\n\n\n<p><\/p>\n\n\n\n<p><\/p>\n\n\n\n<p><\/p>\n\n\n\n<p><\/p>\n\n\n\n<p><\/p>\n\n\n\n<p><\/p>\n","protected":false},"excerpt":{"rendered":"<p>Vit s\u00f8kja trupuleikar at loysa Um t\u00fa stendur vi\u00f0 einum trupuleika ella tekniskari avbj\u00f3\u00f0ing so kanst t\u00fa kontakta okkum. J\u00fa st\u00f8rri avbj\u00f3\u00f0ingin er j\u00fa betri er m\u00f8guleikin fyri at ta\u00f0 loysir seg at br\u00faka t\u00ed\u00f0 upp\u00e1 uppg\u00e1vuna. Bilaleiga (001) Leiga ein pers\u00f3nbil vi\u00f0 manuel gear ella aut. gear fyri ein g\u00f3\u00f0an pr\u00eds. Vit hava eisini&hellip;&nbsp;<a href=\"https:\/\/freelance.fo\/?page_id=47\" rel=\"bookmark\">L\u00e6s mere &raquo;<span class=\"screen-reader-text\">T\u00e6nastur<\/span><\/a><\/p>\n","protected":false},"author":1,"featured_media":228,"parent":0,"menu_order":0,"comment_status":"closed","ping_status":"closed","template":"","meta":{"neve_meta_sidebar":"","neve_meta_container":"","neve_meta_enable_content_width":"","neve_meta_content_width":0,"neve_meta_title_alignment":"","neve_meta_author_avatar":"","neve_post_elements_order":"","neve_meta_disable_header":"","neve_meta_disable_footer":"","neve_meta_disable_title":"","footnotes":""},"class_list":["post-47","page","type-page","status-publish","has-post-thumbnail","hentry"],"jetpack_sharing_enabled":true,"_links":{"self":[{"href":"https:\/\/freelance.fo\/index.php?rest_route=\/wp\/v2\/pages\/47","targetHints":{"allow":["GET"]}}],"collection":[{"href":"https:\/\/freelance.fo\/index.php?rest_route=\/wp\/v2\/pages"}],"about":[{"href":"https:\/\/freelance.fo\/index.php?rest_route=\/wp\/v2\/types\/page"}],"author":[{"embeddable":true,"href":"https:\/\/freelance.fo\/index.php?rest_route=\/wp\/v2\/users\/1"}],"replies":[{"embeddable":true,"href":"https:\/\/freelance.fo\/index.php?rest_route=%2Fwp%2Fv2%2Fcomments&post=47"}],"version-history":[{"count":32,"href":"https:\/\/freelance.fo\/index.php?rest_route=\/wp\/v2\/pages\/47\/revisions"}],"predecessor-version":[{"id":301,"href":"https:\/\/freelance.fo\/index.php?rest_route=\/wp\/v2\/pages\/47\/revisions\/301"}],"wp:featuredmedia":[{"embeddable":true,"href":"https:\/\/freelance.fo\/index.php?rest_route=\/wp\/v2\/media\/228"}],"wp:attachment":[{"href":"https:\/\/freelance.fo\/index.php?rest_route=%2Fwp%2Fv2%2Fmedia&parent=47"}],"curies":[{"name":"wp","href":"https:\/\/api.w.org\/{rel}","templated":true}]}}