{"id":3,"date":"2022-06-13T21:57:15","date_gmt":"2022-06-13T21:57:15","guid":{"rendered":"https:\/\/freelance.fo\/?page_id=3"},"modified":"2022-08-20T14:00:15","modified_gmt":"2022-08-20T14:00:15","slug":"privacy-policy","status":"publish","type":"page","link":"https:\/\/freelance.fo\/?page_id=3","title":{"rendered":"Privatl\u00edvspolitikkur"},"content":{"rendered":"\n<p><span style=\"color: var(--nv-text-color); font-family: var(--bodyfontfamily); font-size: var(--bodyfontsize); font-weight: var(--bodyfontweight); letter-spacing: var(--bodyletterspacing); text-transform: var(--bodytexttransform); background-color: var(--nv-site-bg);\">Freelance.fo hevur d\u00e1ta\u00e1byrgd av uppl\u00fdsingunum, sum vit savna um teg, og vit tryggja, at t\u00ednir pers\u00f3nsuppl\u00fdsingar ver\u00f0a vi\u00f0gj\u00f8rdir samb\u00e6rt reglugerini.<\/span><\/p>\n\n\n\n<p>Freelance.fo hevur d\u00e1ta\u00e1byrgd av uppl\u00fdsingunum, sum vit savna um teg, og vit tryggja, at t\u00ednir pers\u00f3nsuppl\u00fdsingar ver\u00f0a vi\u00f0gj\u00f8rdir samb\u00e6rt reglugerini.<\/p>\n\n\n\n<p>Vit taka t\u00edna d\u00e1tuvernd \u00ed \u00e1lvara, og hava t\u00ed vi\u00f0tiki\u00f0 hendan privatl\u00edvspolitikk, sum sigur t\u00e6r, hvussu vit handfara t\u00ednar pers\u00f3nsuppl\u00fdsingar<\/p>\n\n\n\n<p>Kontaktuppl\u00fdsingar<\/p>\n\n\n\n<p>Um t\u00fa ynskir at venda t\u00e6r til okkum vi\u00f0v\u00edkjandi okkara vi\u00f0ger\u00f0 av t\u00ednum pers\u00f3nsuppl\u00fdsingum, kanst t\u00fa gera ta\u00f0 her:<\/p>\n\n\n\n<p>Freelance.fo<br>S\u00f8ldarfjar\u00f0arvegur 22<br>660 S\u00f8ldarfj\u00f8r\u00f0ur<br>Tlf. 226840<br>Teldupostur: info @ freelance.fo<\/p>\n\n\n\n<p>Vi\u00f0ger\u00f0 av pers\u00f3nsdata<\/p>\n\n\n\n<p>Pers\u00f3nsuppl\u00fdsingar eru allir uppl\u00fdsingar, sum \u00e1 ein ella annan h\u00e1tt kunnu v\u00edsa til t\u00edn. Um so er, at t\u00fa ikki ynskir, at vit vi\u00f0gera hesar uppl\u00fdsingar, kann ta\u00f0 gerast trupult at var\u00f0veita og halda m\u00f8guligar avtalur.<\/p>\n\n\n\n<p>Privatir veitarar ella t\u00e6nastuveitarar sum ynskja at selja s\u00edna t\u00e6nastu gj\u00f8gnum okkum:<\/p>\n\n\n\n<ul class=\"wp-block-list\"><li>Navn<\/li><li>Teldupostur<\/li><li>Telefonnummar<\/li><li>Bankuppl\u00fdsingar<\/li><li>Yrki<\/li><li>L\u00edvsrensl\/CV<\/li><\/ul>\n\n\n\n<p>Pers\u00f3nsuppl\u00fdsingar um kundar ver\u00f0a samla\u00f0ir til fylgjandi endam\u00e1l:<\/p>\n\n\n\n<ul class=\"wp-block-list\"><li>Vi\u00f0ger\u00f0 av t\u00ednari t\u00e6nastu<\/li><li>Fyrisiting av t\u00ednum sambandi til okkum<\/li><\/ul>\n\n\n\n<p>&nbsp;Hesir uppl\u00fdsingar samlast grunda\u00f0 \u00e1 fylgjandi l\u00f3garheimild:<\/p>\n\n\n\n<ul class=\"wp-block-list\"><li>Vi\u00f0ger\u00f0in ver\u00f0ur gj\u00f8rd grunda\u00f0 \u00e1 at \u201dhald eina avtalu\u201d Talan er um ymsar keypsavtalur.&nbsp;B\u00e6\u00f0i formella og \u00f3formellar.&nbsp;&nbsp;<\/li><\/ul>\n\n\n\n<p>Uppl\u00fdsingarnir ver\u00f0a goymdir so leingi, sum ta\u00f0 samb\u00e6rt regluger\u00f0ini er loyvi, og vit sletta teir, t\u00e1 vit ikki hava t\u00f8rv \u00e1 teimum longur. T\u00ed\u00f0arskei\u00f0i\u00f0 er treyta\u00f0 av, hv\u00f8rjir uppl\u00fdsingar eru og hv\u00ed teir ver\u00f0a goymdir. Vanliga ver\u00f0a uppl\u00fdsingar vi\u00f0v\u00edkjandi kundum strika\u00f0ir, eftir at avtalan er enda\u00f0, ella t\u00e1 i\u00f0 mett ver\u00f0ur, at&nbsp;samskifti\u00f0 ikki er vi\u00f0komandi longur.<\/p>\n\n\n\n<ul class=\"wp-block-list\"><li>Uppl\u00fdsingar um kundar strikast 5 \u00e1r eftir at kundasamstarvi\u00f0 og samskifti\u00f0&nbsp;enda\u00f0i.<\/li><\/ul>\n\n\n\n<p>Veitarar og samstarvsfelagar<\/p>\n\n\n\n<p>Um t\u00fa ynskir at ver\u00f0a veitari ella samstarvsfelagi hj\u00e1 okkum, er ney\u00f0ugt, at vit f\u00e1a fylgjandi pers\u00f3nsupp- l\u00fdsingar um teg:<\/p>\n\n\n\n<ul class=\"wp-block-list\"><li>Navn<\/li><li>Teldupostur<\/li><li>Telefonnummar<\/li><li>Bankuppl\u00fdsingar<\/li><\/ul>\n\n\n\n<p>Pers\u00f3nsuppl\u00fdsingar um veitarar og samstarvsfelagar ver\u00f0a samla\u00f0ir grunda\u00f0 \u00e1 fylgjandi endam\u00e1l:<\/p>\n\n\n\n<ul class=\"wp-block-list\"><li>Til vi\u00f0ger\u00f0 av okkara keypi\/veitan<\/li><li>Fyrisiting av t\u00ednum sambandi vi\u00f0 okkum<\/li><\/ul>\n\n\n\n<p>Hesir uppl\u00fdsingar samlast grunda\u00f0 \u00e1 fylgjandi l\u00f3garheimild:<\/p>\n\n\n\n<ul class=\"wp-block-list\"><li>Vi\u00f0ger\u00f0in ver\u00f0ur gj\u00f8rd grunda\u00f0 \u00e1 at \u201dhald eina avtalu\u201d Talan er um ymsar keypsavtalur.<\/li><\/ul>\n\n\n\n<p>Uppl\u00fdsingarnir ver\u00f0a goymdir so leingi, sum ta\u00f0 samb\u00e6rt regluger\u00f0ini er loyvi\u00f0, og vit sletta teir, t\u00e1 vit ikki hava t\u00f8rv \u00e1 teimum longur. T\u00ed\u00f0arskei\u00f0i\u00f0 er treyta\u00f0 av, hv\u00f8rjir uppl\u00fdsingar eru, og hv\u00ed teir ver\u00f0a goymdir. Vanliga ver\u00f0a uppl\u00fdsingar vi\u00f0v\u00edkjandi veitarum og samstarvsfel\u00f8gum strika\u00f0ir, eftir at avtalan er enda\u00f0, ella t\u00e1 i\u00f0 mett ver\u00f0ur, at&nbsp;samskifti\u00f0 ikki er vi\u00f0komandi longur.<\/p>\n\n\n\n<ul class=\"wp-block-list\"><li>Uppl\u00fdsingar um veitaran strikast 5 \u00e1r eftir at samskifti\u00f0 enda\u00f0i og \u00e1byrgd fyri keyptar v\u00f8rur er \u00fatgingin.<\/li><\/ul>\n\n\n\n<p>Starvsums\u00f3knir\/ums\u00f8kjarar<\/p>\n\n\n\n<p>T\u00e1 i\u00f0 vit m\u00f3ttaka eina starvsums\u00f3kn og fylgiskj\u00f8l, ver\u00f0a \u00f8ll skj\u00f8lini lisin av t\u00ed \u00e1v\u00edsa lei\u00f0aranum vi\u00f0 t\u00ed endam\u00e1li, at&nbsp;svara og meta um innihaldi\u00f0 \u00ed sambandi vi\u00f0 eitt \u00e1v\u00edst arbei\u00f0i. Okkara l\u00f3garheimild til vi\u00f0ger\u00f0ina av ums\u00f3knini er \u201dheimilda\u00f0u \u00e1hugam\u00e1l\u201d.<\/p>\n\n\n\n<p>Ums\u00f3kn og fylgiskj\u00f8l ver\u00f0a deild v\u00ed\u00f0ari innanh\u00fdsis til pers\u00f3nar, sum eru \u00ed setannarb\u00f3lkinum, og ver\u00f0a ikki v\u00ed\u00f0arigivin til onnur uttanfyri fyrit\u00f8kuna.<\/p>\n\n\n\n<p>Pers\u00f3nuppl\u00fdsingarnir, sum koma fram \u00ed setanartilgongdini, ver\u00f0a vi\u00f0gj\u00f8rdir vi\u00f0 fylgjandi grundarlagi:&nbsp;&nbsp;heimila\u00f0u \u00e1hugam\u00e1l.<\/p>\n\n\n\n<p>Ums\u00f3knir og fylgiskj\u00f8l ver\u00f0a goymd, til r\u00e6tti ums\u00f8kjari er funnin, og setannartilgondin er enda\u00f0. Eftir hetta ver\u00f0a ums\u00f3kn og fylgiskj\u00f8l hj\u00e1 teimum sum ikki fingu starvi\u00f0 sletta\u00f0.<\/p>\n\n\n\n<p>T\u00e1 i\u00f0 talan er um \u00f3bidnar ums\u00f3knir ver\u00f0ur mett um, um ums\u00f3knin skal goymast, so skj\u00f3tt sum hon er m\u00f3ttikin. Um hildi\u00f0 ver\u00f0ur at hon skal goymast, ver\u00f0ur bi\u00f0i\u00f0 um samtykki fr\u00e1 ums\u00f8kjaranum at goyma ums\u00f3knina, annars ver\u00f0ur noktandi svar sent, og ums\u00f3knin sletta\u00f0 beinanvegin.<\/p>\n\n\n\n<p>Um ums\u00f3kn og fylgiskj\u00f8l ver\u00f0a goymd \u00ed meiri enn 6 m\u00e1na\u00f0ir, skal bi\u00f0jast um eitt n\u00fdtt samtykki fr\u00e1 ums\u00f8kjaranum.<\/p>\n\n\n\n<p>T\u00edtt samtykki er sj\u00e1lvbo\u00f0i\u00f0, og t\u00fa kanst til einahv\u00f8rja t\u00ed\u00f0 taka ta\u00f0 aftur vi\u00f0 at venda t\u00e6r til okkum. N\u00fdt kontaktuppl\u00fdsingarnar omanfyri, um t\u00fa ynskir fleiri uppl\u00fdsingar.<\/p>\n\n\n\n<p>A\u00f0rir uppl\u00fdsingar um vi\u00f0ger\u00f0<\/p>\n\n\n\n<p>Trygd<\/p>\n\n\n\n<p>Vit hava gj\u00f8rt passandi t\u00f8knilig og fyriskipanarlig tilt\u00f8k \u00edm\u00f3ti, at t\u00ednir uppl\u00fdsingar av tilvild ella \u00f3l\u00f3liga ver\u00f0a sletta\u00f0ir, almmannakungj\u00f8rdir, burturblivnir, minka \u00ed vir\u00f0i ella at nakar \u00f3vi\u00f0komandi f\u00e6r hendur \u00e1 teimum, ver\u00f0a misb\u00faktir ella \u00e1 ein ella annan h\u00e1tt ver\u00f0a vi\u00f0gj\u00f8rdir \u00ed str\u00ed\u00f0 vi\u00f0 l\u00f3gina.&nbsp;&nbsp;&nbsp;D\u00e1tu\u00e1byrgdarin tryggjar, at vi\u00f0ger\u00f0in bert kann fara fram, t\u00e1 i\u00f0 allar d\u00e1tutrygdarreglar ver\u00f0a fylgdar iflg. D\u00e1tuverndarl\u00f3ginia \u00a7 7<\/p>\n\n\n\n<p>Dataminimering<\/p>\n\n\n\n<p>Vit innheinta, vi\u00f0gera og goyma bert pers\u00f3nsdata, sum eru ney\u00f0ug \u00ed sambandi vi\u00f0 at uppfylla okkara \u00e1settu endam\u00e1l. Harafturat kann ta\u00f0 ver\u00f0a l\u00f3gargivi\u00f0, hvat slag av data, er ney\u00f0ugt at innheinta og goyma \u00ed sambandi vi\u00f0 okkara handilsvirksemi. Tey ymisku \u00f8kini av pers\u00f3nsdata, sum vit vi\u00f0gera, ver\u00f0a fastsett av t\u00f8rvinum at uppfylla eina avtalu ella eina a\u00f0ra r\u00e6ttarliga skyldu.<\/p>\n\n\n\n<p>Dagf\u00f8rt data<\/p>\n\n\n\n<p>Okkara t\u00e6nasta er treyta\u00f0 av, at tykkara data er r\u00e6tt og dagf\u00f8rt, og vit bi\u00f0ja tykkum uppl\u00fdsa okkum um t\u00fd\u00f0andi broytingar \u00ed t\u00ednum data. Tit kunnu n\u00fdta kontaktuppl\u00fdsingarnar omanfyri, at siga okkum fr\u00e1, um broytingar \u00e1 hesum \u00f8ki, so syrgja vit fyri, at dagf\u00f8ra t\u00edni pers\u00f3nsdata. Um vit sj\u00e1lvi leggja merki til, at data ikki er r\u00e6tt, dagf\u00f8ra vit uppl\u00fdsingarnar og geva t\u00e6r bo\u00f0 um hetta.<\/p>\n\n\n\n<p>T\u00ed\u00f0indaskriv<\/p>\n\n\n\n<p>T\u00edtt samtykki, at f\u00e1a okkara t\u00ed\u00f0indaskriv er sj\u00e1lvbo\u00f0i\u00f0, og t\u00fa kanst alt\u00ed\u00f0 taka samtykki\u00f0 aftur, vi\u00f0 at seta teg \u00ed samband vi\u00f0 okkum.&nbsp;&nbsp;T\u00fa kanst br\u00faka kontaktuppl\u00fdsingarnar omanfyri um t\u00fa ynskir meira uppl\u00fdsingar.&nbsp;<\/p>\n\n\n\n<p>V\u00ed\u00f0arigevan av uppl\u00fdsingum<\/p>\n\n\n\n<p>Vit br\u00faka fleiri tri\u00f0japartar til goymslu og vi\u00f0ger\u00f0 av d\u00e1ta, her\u00edmillum veitarar av kt-loysnum.&nbsp;&nbsp;Hesi vi\u00f0gera bert uppl\u00fdsingar okkara vegna, og skulu ikki br\u00faka teir til egi\u00f0 endam\u00e1l. \u00cd t\u00fd\u00f0andi f\u00f8rum ver\u00f0ur d\u00e1ta v\u00ed\u00f0arigivi\u00f0 til td. Bankar, inkasso, flutningsfel\u00f8g osv.&nbsp;&nbsp;<\/p>\n\n\n\n<p>Vit br\u00faka bert datavi\u00f0ger\u00f0ar \u00far EU ella tryggum tri\u00f0jalondum, sum hava ney\u00f0ugu trygdarvi\u00f0urskiftini \u00ed ordan, umframt fel\u00f8g \u00ed londum, sum kunnu veita n\u00f8ktandi d\u00e1tuverndartrygd.&nbsp;<\/p>\n\n\n\n<p>T\u00edni r\u00e6ttindi<\/p>\n\n\n\n<ul class=\"wp-block-list\"><li>T\u00fa hevur til eina og hv\u00f8rja t\u00ed\u00f0 r\u00e6tt til, at f\u00e1a uppl\u00fdst hvat d\u00e1ta vit vi\u00f0gera um teg, hvar ta\u00f0 kemur fr\u00e1, og hvat vit br\u00faka tey til. T\u00fa kanst eisini f\u00e1a uppl\u00fdst, hvussu leingi vit goyma t\u00edni pers\u00f3nsd\u00e1ta, og f\u00e1a at vita, hv\u00f8r f\u00e6r d\u00e1ta um teg, \u00ed tann mun vit v\u00ed\u00f0arigeva d\u00e1ta \u00ed F\u00f8royum og uttanlands.<\/li><\/ul>\n\n\n\n<ul class=\"wp-block-list\"><li>Um t\u00fa bi\u00f0ur um ta\u00f0, kunnu vit uppl\u00fdsa\/geva t\u00e6r d\u00e1ta, sum vit vi\u00f0gera um teg. Heimild kann t\u00f3 ver\u00f0a avmarka\u00f0, um privatl\u00edvi\u00f0 hj\u00e1 \u00f8\u00f0rum skal verjast, handilsloyndarm\u00e1l og \u00f3likamlig r\u00e6ttindi.<\/li><\/ul>\n\n\n\n<ul class=\"wp-block-list\"><li>Um t\u00fa heldur, at pers\u00f3nsd\u00e1ta, sum vit vi\u00f0gera um teg, er skeivt, hevur t\u00fa r\u00e6tt til at f\u00e1a tey r\u00e6tta\u00f0i. T\u00fa skalt venda t\u00e6r til okkum og uppl\u00fdsa okkum um, hvar feilurin er, og hvussu ta\u00f0 kann r\u00e6ttast.&nbsp;Vit heita \u00e1 teg,&nbsp;at ver\u00f0a neyvur um t\u00ednar umbidnu r\u00e6ttingar, ella kann ta\u00f0 gerast trupult hj\u00e1 okkum, og ta\u00f0 kann \u00ed \u00e1v\u00edsum f\u00f8rum f\u00f8ra til, at vit ikki kunnu eftirl\u00edka t\u00ednum r\u00e6ttingum.<\/li><\/ul>\n\n\n\n<ul class=\"wp-block-list\"><li>\u00cd summum f\u00f8rum, hava vit skyldu at sletta t\u00edtt pers\u00f3nsd\u00e1ta. Ta\u00f0 geldur t.d., um t\u00fa tekur eitt eventuelt samtykki aftur. Um t\u00fa heldur, at t\u00edni d\u00e1ta ikki longur eru ney\u00f0ug \u00ed samband vi\u00f0 ta\u00f0 endam\u00e1l, sum vit heinta\u00f0u ta\u00f0 til, so kanst t\u00fa bi\u00f0ja um at f\u00e1a ta\u00f0 sletta\u00f0. T\u00fa kanst eisini seta teg \u00ed samband vi\u00f0 okkum, um t\u00fa heldur, at t\u00edni pers\u00f3nsd\u00e1ta ver\u00f0a vi\u00f0gj\u00f8rd \u00edm\u00f3ti l\u00f3gini ella \u00f8\u00f0rum r\u00e6tsligum avtalum.<\/li><\/ul>\n\n\n\n<ul class=\"wp-block-list\"><li>T\u00fa hevur r\u00e6tt til at senda eina klagu til d\u00e1tueftirliti\u00f0 (<a href=\"http:\/\/www.dat.fo\/\">dat.fo<\/a>)<\/li><\/ul>\n\n\n\n<p>D\u00e1tueftirliti\u00f0<br>Tinganes<br>Postboks 300<br>FO-110 T\u00f3rshavn<br>Tlf.: (+298) 309100<br>Teldupostur: dat @ dat.fo<\/p>\n\n\n\n<ul class=\"wp-block-list\"><li>T\u00fa hevur r\u00e6tt at nokta okkara vi\u00f0ger\u00f0 av t\u00ednum pers\u00f3nsd\u00e1ta. T\u00fa kanst eisini nokta, at vit v\u00ed\u00f0arigeva t\u00edtt d\u00e1ta til markna\u00f0arf\u00f8ring. T\u00fa kanst br\u00faka okkara uppl\u00fdsingar her ovast til at senda t\u00edna klagu. Um t\u00edn klaga er heimilda, syrgja vit fyri at ste\u00f0ga vi\u00f0ger\u00f0ini av t\u00ednum pers\u00f3nsd\u00e1ta.<\/li><\/ul>\n\n\n\n<ul class=\"wp-block-list\"><li>T\u00fa hevur m\u00f8guleika at gera br\u00fak av d\u00e1taportabilitet, um so er at t\u00fa ynskir at t\u00ednir uppl\u00fdsingar ver\u00f0a fluttir til ein annan d\u00e1ta\u00e1byrgda ella d\u00e1tavi\u00f0gera<\/li><\/ul>\n\n\n\n<ul class=\"wp-block-list\"><li>Vit strika t\u00edtt pers\u00f3nsd\u00e1ta, t\u00e1 tey ikki longur eru ney\u00f0ug til ta\u00f0 endam\u00e1li\u00f0, sum tey v\u00f3ru samla\u00f0i til.<\/li><\/ul>\n\n\n\n<p>T\u00e1 i\u00f0 t\u00fa vendir t\u00e6r til okkum, vi\u00f0 eini \u00e1heitan um at r\u00e6tta ella sletta t\u00edni pers\u00f3nsd\u00e1ta, kanna vit, um t\u00fa l\u00fdkur treytirnar, og so gera vit broytingarnar ella sletta d\u00e1tai\u00f0 so skj\u00f3tt sum gj\u00f8rligt.<\/p>\n\n\n\n<p>T\u00fa kanst br\u00faka t\u00edni r\u00e6ttindi vi\u00f0 at venda t\u00e6r til okkum. Okkara uppl\u00fdsingar s\u00e6rt t\u00fa ovast \u00ed skjalinum<\/p>\n\n\n\n<p><\/p>\n","protected":false},"excerpt":{"rendered":"<p>Freelance.fo hevur d\u00e1ta\u00e1byrgd av uppl\u00fdsingunum, sum vit savna um teg, og vit tryggja, at t\u00ednir pers\u00f3nsuppl\u00fdsingar ver\u00f0a vi\u00f0gj\u00f8rdir samb\u00e6rt reglugerini. Freelance.fo hevur d\u00e1ta\u00e1byrgd av uppl\u00fdsingunum, sum vit savna um teg, og vit tryggja, at t\u00ednir pers\u00f3nsuppl\u00fdsingar ver\u00f0a vi\u00f0gj\u00f8rdir samb\u00e6rt reglugerini. Vit taka t\u00edna d\u00e1tuvernd \u00ed \u00e1lvara, og hava t\u00ed vi\u00f0tiki\u00f0 hendan privatl\u00edvspolitikk, sum sigur t\u00e6r,&hellip;&nbsp;<a href=\"https:\/\/freelance.fo\/?page_id=3\" rel=\"bookmark\">L\u00e6s mere &raquo;<span class=\"screen-reader-text\">Privatl\u00edvspolitikkur<\/span><\/a><\/p>\n","protected":false},"author":1,"featured_media":228,"parent":0,"menu_order":0,"comment_status":"closed","ping_status":"open","template":"","meta":{"neve_meta_sidebar":"","neve_meta_container":"","neve_meta_enable_content_width":"","neve_meta_content_width":0,"neve_meta_title_alignment":"","neve_meta_author_avatar":"","neve_post_elements_order":"","neve_meta_disable_header":"","neve_meta_disable_footer":"","neve_meta_disable_title":"","footnotes":""},"class_list":["post-3","page","type-page","status-publish","has-post-thumbnail","hentry"],"jetpack_sharing_enabled":true,"_links":{"self":[{"href":"https:\/\/freelance.fo\/index.php?rest_route=\/wp\/v2\/pages\/3","targetHints":{"allow":["GET"]}}],"collection":[{"href":"https:\/\/freelance.fo\/index.php?rest_route=\/wp\/v2\/pages"}],"about":[{"href":"https:\/\/freelance.fo\/index.php?rest_route=\/wp\/v2\/types\/page"}],"author":[{"embeddable":true,"href":"https:\/\/freelance.fo\/index.php?rest_route=\/wp\/v2\/users\/1"}],"replies":[{"embeddable":true,"href":"https:\/\/freelance.fo\/index.php?rest_route=%2Fwp%2Fv2%2Fcomments&post=3"}],"version-history":[{"count":1,"href":"https:\/\/freelance.fo\/index.php?rest_route=\/wp\/v2\/pages\/3\/revisions"}],"predecessor-version":[{"id":166,"href":"https:\/\/freelance.fo\/index.php?rest_route=\/wp\/v2\/pages\/3\/revisions\/166"}],"wp:featuredmedia":[{"embeddable":true,"href":"https:\/\/freelance.fo\/index.php?rest_route=\/wp\/v2\/media\/228"}],"wp:attachment":[{"href":"https:\/\/freelance.fo\/index.php?rest_route=%2Fwp%2Fv2%2Fmedia&parent=3"}],"curies":[{"name":"wp","href":"https:\/\/api.w.org\/{rel}","templated":true}]}}