{"id":203,"date":"2022-07-21T00:17:39","date_gmt":"2022-07-21T00:17:39","guid":{"rendered":"https:\/\/freelance.fo\/?page_id=203"},"modified":"2022-08-20T14:00:39","modified_gmt":"2022-08-20T14:00:39","slug":"toervur","status":"publish","type":"page","link":"https:\/\/freelance.fo\/?page_id=203","title":{"rendered":"Starvstakari"},"content":{"rendered":"\n<h2 class=\"wp-block-heading\">T\u00f8rvur er fleiri arbei\u00f0arum \u00e1 \u00f8llum \u00f8kjum<\/h2>\n\n\n\n<p>Serligur t\u00f8rvur er \u00e1 Maskinmeistarum og Elektrikarum at arbei\u00f0a \u00ed F\u00f8royum. G\u00f3\u00f0ar s\u00f8mdir og g\u00f3\u00f0a l\u00f8n. Ring \u00e1 226840 um t\u00fa hevur \u00e1huga ella send ein email \u00e1 info @ freelance.fo<\/p>\n\n\n\n<p>Hevur t\u00fa hug at arbei\u00f0a innan reinger\u00f0, koyring, kont\u00f3rarbei\u00f0i, vi\u00f0l\u00edkahald, tekniskum loysnum, r\u00e1\u00f0geving, verk\u00e6tlanum, ger av heimas\u00ed\u00f0um, forritan, app loysnir, kundat\u00e6nastu &#8230; og mangt mangt anna\u00f0 &#8211; so kanst t\u00fa skr\u00e1seta teg vi\u00f0 at senda ein email til info @ freelance.fo<\/p>\n\n\n\n<p>Um t\u00fa ikki bj\u00f3\u00f0ar t\u00edna t\u00e6nastu \u00fat so er ta\u00f0 heldur eingin sum spyr eftir t\u00ednari t\u00e6nastu.<\/p>\n\n\n\n<p>T\u00fa ert eisini v\u00e6lkomin at ringja og f\u00e1a meiri at vita um freelance.fo og hv\u00f8rjir m\u00f8guleikar eru.<\/p>\n\n\n\n<p><br><br><br><br><br><br><br><br><br><br><br><br><br><br><br><br><\/p>\n\n\n\n<p><\/p>\n\n\n\n<p><\/p>\n\n\n\n<p> <\/p>\n\n\n\n<p><\/p>\n","protected":false},"excerpt":{"rendered":"<p>T\u00f8rvur er fleiri arbei\u00f0arum \u00e1 \u00f8llum \u00f8kjum Serligur t\u00f8rvur er \u00e1 Maskinmeistarum og Elektrikarum at arbei\u00f0a \u00ed F\u00f8royum. G\u00f3\u00f0ar s\u00f8mdir og g\u00f3\u00f0a l\u00f8n. Ring \u00e1 226840 um t\u00fa hevur \u00e1huga ella send ein email \u00e1 info @ freelance.fo Hevur t\u00fa hug at arbei\u00f0a innan reinger\u00f0, koyring, kont\u00f3rarbei\u00f0i, vi\u00f0l\u00edkahald, tekniskum loysnum, r\u00e1\u00f0geving, verk\u00e6tlanum, ger av heimas\u00ed\u00f0um,&hellip;&nbsp;<a href=\"https:\/\/freelance.fo\/?page_id=203\" rel=\"bookmark\">L\u00e6s mere &raquo;<span class=\"screen-reader-text\">Starvstakari<\/span><\/a><\/p>\n","protected":false},"author":1,"featured_media":228,"parent":0,"menu_order":0,"comment_status":"closed","ping_status":"closed","template":"","meta":{"neve_meta_sidebar":"","neve_meta_container":"","neve_meta_enable_content_width":"off","neve_meta_content_width":100,"neve_meta_title_alignment":"","neve_meta_author_avatar":"","neve_post_elements_order":"","neve_meta_disable_header":"","neve_meta_disable_footer":"","neve_meta_disable_title":"","footnotes":""},"class_list":["post-203","page","type-page","status-publish","has-post-thumbnail","hentry"],"jetpack_sharing_enabled":true,"_links":{"self":[{"href":"https:\/\/freelance.fo\/index.php?rest_route=\/wp\/v2\/pages\/203","targetHints":{"allow":["GET"]}}],"collection":[{"href":"https:\/\/freelance.fo\/index.php?rest_route=\/wp\/v2\/pages"}],"about":[{"href":"https:\/\/freelance.fo\/index.php?rest_route=\/wp\/v2\/types\/page"}],"author":[{"embeddable":true,"href":"https:\/\/freelance.fo\/index.php?rest_route=\/wp\/v2\/users\/1"}],"replies":[{"embeddable":true,"href":"https:\/\/freelance.fo\/index.php?rest_route=%2Fwp%2Fv2%2Fcomments&post=203"}],"version-history":[{"count":5,"href":"https:\/\/freelance.fo\/index.php?rest_route=\/wp\/v2\/pages\/203\/revisions"}],"predecessor-version":[{"id":226,"href":"https:\/\/freelance.fo\/index.php?rest_route=\/wp\/v2\/pages\/203\/revisions\/226"}],"wp:featuredmedia":[{"embeddable":true,"href":"https:\/\/freelance.fo\/index.php?rest_route=\/wp\/v2\/media\/228"}],"wp:attachment":[{"href":"https:\/\/freelance.fo\/index.php?rest_route=%2Fwp%2Fv2%2Fmedia&parent=203"}],"curies":[{"name":"wp","href":"https:\/\/api.w.org\/{rel}","templated":true}]}}