{"id":172,"date":"2022-07-08T20:56:30","date_gmt":"2022-07-08T20:56:30","guid":{"rendered":"https:\/\/freelance.fo\/?page_id=172"},"modified":"2022-09-26T22:37:21","modified_gmt":"2022-09-26T22:37:21","slug":"ileggjarar","status":"publish","type":"page","link":"https:\/\/freelance.fo\/?page_id=172","title":{"rendered":"\u00cdleggjarar"},"content":{"rendered":"<p>Her eru nakrar verk\u00e6tlanir sum t\u00f8rva \u00edleggjarar. Nakrar verk\u00e6tlanir eru n\u00fdhugsan har ein fyrst m\u00e1 gera eina prototypu og hereftir at framlei\u00f0a og eventuelt at selja loysnina. A\u00f0rar eru meiri sum eitt hugskot men t\u00f3 \u00edt\u00f8kiligar.<\/p>\n<p><\/p>\n\n\n<h2 class=\"wp-block-heading\">Verk\u00e6tlan: 3 loysnir til ymisk endam\u00e1l<\/h2>\n\n\n\n<p>Eftir at hava siglt n\u00f8kur \u00e1r sum maskinma\u00f0ur\/Elektrikari s\u00e6r ta\u00f0 \u00fat til at eitt maskinr\u00fam ver\u00f0ur riki \u00e1 sama h\u00e1tt sum teir gj\u00f8rdu fyri 50 \u00e1rum s\u00ed\u00f0ani. Har er so at siga eingin menning \u00e1 \u00f8kinum og n\u00f3gv kundi veri gj\u00f8rt fyri at broyta hetta.<\/p>\n\n\n\n<ol class=\"wp-block-list\"><li>Fyrsta loysnin er basera upp\u00e1 eina app saman vi\u00f0 einum d\u00e1tugrunni. Er sera hent til st\u00f8rri skip og framlei\u00f0sluvirkir v.m.<\/li><li>N\u00e6sta loysnin finnist einans sum manuel avlesing \u00ed dag har hetta kundi veri n\u00f3gv meiri n\u00fdm\u00f3tans og akkur\u00e1t. Digitalisering av einum mekaniskum t\u00f3li.<\/li><li>Tri\u00f0ja loysnin finnist einans sum manuel avlesing innan skist\u00f8kni men kundi veri gj\u00f8rt elektronisk vi\u00f0 fjarsamskifti til evt. kontrolr\u00fam.<br><\/li><\/ol>\n\n\n\n<h2 class=\"wp-block-heading\">Verk\u00e6tlan: Alternativ loysn innan orkugoymslu<\/h2>\n\n\n\n<p>F\u00f8royar eru langt aftanfyri um vit hugsa um loysnir innan gr\u00f8na orku. Ta\u00f0 eru a\u00f0rar loysnir enn ta\u00f0 sum ver\u00f0ur umr\u00f8tt \u00ed mi\u00f0lunum. Her er eitt hugskot sum kundi veri \u00e1hugavert at roynt sum eina prototypu og s\u00ed\u00f0ani uppskalera um royndin eydnast. Hetta hevur sera st\u00f3ran t\u00fddning n\u00fa fleiri vindmyllur vera uppsettar t\u00ed hesar kunnu ikki vera \u00e1 netinum um eingin goymsluskipan er t\u00f8k samstundis. Aftur her krevst at \u00edleggjarar eru til verk\u00e6tlanina fyri at koma \u00ed gongd.<br><\/p>\n\n\n\n<h2 class=\"wp-block-heading\">Verk\u00e6tlan: Sj\u00f3arfallsorka<\/h2>\n\n\n\n<p>Enn er eingin frammgongd innan sj\u00f3arfallsorku sum munar naka\u00f0 \u00ed mun til t\u00f8rvin \u00ed l\u00f8tuni. Her er ein alternativ loysn sum kann setast \u00ed verk innan alt ov langa t\u00ed\u00f0 um loyvir og \u00f8kir er t\u00f8k til hetta.<br><\/p>\n\n\n\n<h2 class=\"wp-block-heading\">Verk\u00e6tlan: \u00cdb\u00fa\u00f0arbygging \u00ed T\u00f3rshavn<\/h2>\n\n\n\n<figure class=\"wp-block-image size-full\"><img loading=\"lazy\" decoding=\"async\" width=\"696\" height=\"564\" src=\"https:\/\/freelance.fo\/wp-content\/uploads\/2022\/07\/bygningur1.png\" alt=\"\" class=\"wp-image-218\" srcset=\"https:\/\/freelance.fo\/wp-content\/uploads\/2022\/07\/bygningur1.png 696w, https:\/\/freelance.fo\/wp-content\/uploads\/2022\/07\/bygningur1-300x243.png 300w\" sizes=\"auto, (max-width: 696px) 100vw, 696px\" \/><\/figure>\n\n\n\n<p>Her er eitt hugskot til eina verk\u00e6tlan i\u00f0 kann dekka ein part av \u00edb\u00fa\u00f0art\u00f8rvinum \u00ed T\u00f3rshavn og kann samstundis vera ein perla t\u00e6tt upp\u00e1 mi\u00f0b\u00fd\u00f0in. Ring fyri at hoyra n\u00e6rri. <br><\/p>\n\n\n\n<h2 class=\"wp-block-heading\">Fleiri hugskot til verk\u00e6tlanir eru t\u00f8k<\/h2>\n\n\n\n<p>Ring fyri at hoyra n\u00e6rri.<br><br><br><br><br><br><\/p>\n\n\n\n<p><\/p>\n\n\n\n<p> <\/p>\n\n\n\n<p> <\/p>\n","protected":false},"excerpt":{"rendered":"<p>Her eru nakrar verk\u00e6tlanir sum t\u00f8rva \u00edleggjarar. Nakrar verk\u00e6tlanir eru n\u00fdhugsan har ein fyrst m\u00e1 gera eina prototypu og hereftir at framlei\u00f0a og eventuelt at selja loysnina. A\u00f0rar eru meiri sum eitt hugskot men t\u00f3 \u00edt\u00f8kiligar. Verk\u00e6tlan: 3 loysnir til ymisk endam\u00e1l Eftir at hava siglt n\u00f8kur \u00e1r sum maskinma\u00f0ur\/Elektrikari s\u00e6r ta\u00f0 \u00fat til at&hellip;&nbsp;<a href=\"https:\/\/freelance.fo\/?page_id=172\" rel=\"bookmark\">L\u00e6s mere &raquo;<span class=\"screen-reader-text\">\u00cdleggjarar<\/span><\/a><\/p>\n","protected":false},"author":1,"featured_media":228,"parent":0,"menu_order":0,"comment_status":"closed","ping_status":"closed","template":"","meta":{"neve_meta_sidebar":"","neve_meta_container":"","neve_meta_enable_content_width":"off","neve_meta_content_width":100,"neve_meta_title_alignment":"","neve_meta_author_avatar":"","neve_post_elements_order":"","neve_meta_disable_header":"","neve_meta_disable_footer":"","neve_meta_disable_title":"","footnotes":""},"class_list":["post-172","page","type-page","status-publish","has-post-thumbnail","hentry"],"jetpack_sharing_enabled":true,"_links":{"self":[{"href":"https:\/\/freelance.fo\/index.php?rest_route=\/wp\/v2\/pages\/172","targetHints":{"allow":["GET"]}}],"collection":[{"href":"https:\/\/freelance.fo\/index.php?rest_route=\/wp\/v2\/pages"}],"about":[{"href":"https:\/\/freelance.fo\/index.php?rest_route=\/wp\/v2\/types\/page"}],"author":[{"embeddable":true,"href":"https:\/\/freelance.fo\/index.php?rest_route=\/wp\/v2\/users\/1"}],"replies":[{"embeddable":true,"href":"https:\/\/freelance.fo\/index.php?rest_route=%2Fwp%2Fv2%2Fcomments&post=172"}],"version-history":[{"count":11,"href":"https:\/\/freelance.fo\/index.php?rest_route=\/wp\/v2\/pages\/172\/revisions"}],"predecessor-version":[{"id":244,"href":"https:\/\/freelance.fo\/index.php?rest_route=\/wp\/v2\/pages\/172\/revisions\/244"}],"wp:featuredmedia":[{"embeddable":true,"href":"https:\/\/freelance.fo\/index.php?rest_route=\/wp\/v2\/media\/228"}],"wp:attachment":[{"href":"https:\/\/freelance.fo\/index.php?rest_route=%2Fwp%2Fv2%2Fmedia&parent=172"}],"curies":[{"name":"wp","href":"https:\/\/api.w.org\/{rel}","templated":true}]}}