{"id":110,"date":"2022-06-24T21:28:17","date_gmt":"2022-06-24T21:28:17","guid":{"rendered":"https:\/\/freelance.fo\/?page_id=110"},"modified":"2022-08-20T14:01:27","modified_gmt":"2022-08-20T14:01:27","slug":"um-freelance-fo","status":"publish","type":"page","link":"https:\/\/freelance.fo\/?page_id=110","title":{"rendered":"Um Freelance.fo"},"content":{"rendered":"\n<p>Stovnarin av Freelance.fo er Jan Erik Niclasen, Maskinmeistari BSc &#8211; Elektronik Teknikari og Elektronik Mekanikari.<\/p>\n\n\n\n<p>Eg eri heilt v\u00edsur \u00ed at F\u00f8royar eiga pers\u00f3nar sum hava g\u00f3\u00f0ar \u00fatb\u00fagvingar, hava g\u00f3\u00f0ar hendur, eru specialistar, hava dr\u00fagvar royndir og f\u00f8rleikar sum m\u00f8guliga ikki ver\u00f0a br\u00faktir til fulnar.<\/p>\n\n\n\n<p>\u00cd hesum t\u00ed\u00f0um er br\u00fak fyri \u00f8llum, ungum sum eldri til at dekka tann t\u00f8rvin sum er \u00e1 markna\u00f0inum \u00ed l\u00f8tuni. Ta\u00f0 kann vera onkur sum ikki hevur eitt starv \u00ed l\u00f8tuni, er \u00fatisiglari ella onkur sum hevur eitt h\u00e1lvt\u00ed\u00f0arstarv sum ynskir at bj\u00f3\u00f0a seg framm \u00e1 arbei\u00f0smarkna\u00f0inum sum sj\u00e1lvst\u00f8\u00f0ugur t\u00e6nastuveitari men ikki hevur hug til at stovna s\u00edtt egna felag og harvi\u00f0 skulla br\u00faka ein st\u00f3ran part av t\u00ed\u00f0ini til umsiting so sum rokniskap, MVG-rokniskap, tryggingargj\u00f8ld, senda fakturar, innkrevja gj\u00f8ld og so frammvegis. <\/p>\n\n\n\n<p>Freelance.fo er ein pallur har alt slag av t\u00e6nastum kann vera bj\u00f3\u00f0a framm og ta\u00f0 ger ta\u00f0 eisini l\u00e6ttari hj\u00e1 Virkjum, Stovnum og privatum at finna t\u00f8kar hendur innan ta\u00f0 \u00e1v\u00edsa \u00f8ki. Eisini kunnu \u00edleggjarar finna verk\u00e6tlanir sum kunnu vera \u00e1hugaverdar at kanna\u00f0 n\u00e6rri. <\/p>\n\n\n\n<p>V\u00f3nandi ver\u00f0ur hendan t\u00e6nastan v\u00e6l m\u00f3ttikin \u00ed samfelagnum og vit gle\u00f0a okkum at koma \u00ed gongd.<br><br><br><br><br><br><br><br><br><\/p>\n","protected":false},"excerpt":{"rendered":"<p>Stovnarin av Freelance.fo er Jan Erik Niclasen, Maskinmeistari BSc &#8211; Elektronik Teknikari og Elektronik Mekanikari. Eg eri heilt v\u00edsur \u00ed at F\u00f8royar eiga pers\u00f3nar sum hava g\u00f3\u00f0ar \u00fatb\u00fagvingar, hava g\u00f3\u00f0ar hendur, eru specialistar, hava dr\u00fagvar royndir og f\u00f8rleikar sum m\u00f8guliga ikki ver\u00f0a br\u00faktir til fulnar. \u00cd hesum t\u00ed\u00f0um er br\u00fak fyri \u00f8llum, ungum sum eldri&hellip;&nbsp;<a href=\"https:\/\/freelance.fo\/?page_id=110\" rel=\"bookmark\">L\u00e6s mere &raquo;<span class=\"screen-reader-text\">Um Freelance.fo<\/span><\/a><\/p>\n","protected":false},"author":1,"featured_media":228,"parent":0,"menu_order":0,"comment_status":"closed","ping_status":"closed","template":"","meta":{"neve_meta_sidebar":"","neve_meta_container":"","neve_meta_enable_content_width":"off","neve_meta_content_width":100,"neve_meta_title_alignment":"","neve_meta_author_avatar":"","neve_post_elements_order":"","neve_meta_disable_header":"","neve_meta_disable_footer":"","neve_meta_disable_title":"","footnotes":""},"class_list":["post-110","page","type-page","status-publish","has-post-thumbnail","hentry"],"jetpack_sharing_enabled":true,"_links":{"self":[{"href":"https:\/\/freelance.fo\/index.php?rest_route=\/wp\/v2\/pages\/110","targetHints":{"allow":["GET"]}}],"collection":[{"href":"https:\/\/freelance.fo\/index.php?rest_route=\/wp\/v2\/pages"}],"about":[{"href":"https:\/\/freelance.fo\/index.php?rest_route=\/wp\/v2\/types\/page"}],"author":[{"embeddable":true,"href":"https:\/\/freelance.fo\/index.php?rest_route=\/wp\/v2\/users\/1"}],"replies":[{"embeddable":true,"href":"https:\/\/freelance.fo\/index.php?rest_route=%2Fwp%2Fv2%2Fcomments&post=110"}],"version-history":[{"count":11,"href":"https:\/\/freelance.fo\/index.php?rest_route=\/wp\/v2\/pages\/110\/revisions"}],"predecessor-version":[{"id":231,"href":"https:\/\/freelance.fo\/index.php?rest_route=\/wp\/v2\/pages\/110\/revisions\/231"}],"wp:featuredmedia":[{"embeddable":true,"href":"https:\/\/freelance.fo\/index.php?rest_route=\/wp\/v2\/media\/228"}],"wp:attachment":[{"href":"https:\/\/freelance.fo\/index.php?rest_route=%2Fwp%2Fv2%2Fmedia&parent=110"}],"curies":[{"name":"wp","href":"https:\/\/api.w.org\/{rel}","templated":true}]}}